{"id":404,"date":"2021-01-16T02:21:00","date_gmt":"2021-01-16T01:21:00","guid":{"rendered":"http:\/\/watercoin.de\/?page_id=404"},"modified":"2021-01-16T03:48:36","modified_gmt":"2021-01-16T02:48:36","slug":"vanilla-optionen","status":"publish","type":"page","link":"http:\/\/watercoin.de\/?page_id=404","title":{"rendered":"Vanilla-Optionen"},"content":{"rendered":"\n<h1>Was sind Vanilla Options und wie funktionieren diese?<\/h1>\n\n\n\n<p>Der Handel mit Vanilla Options bietet eine M\u00f6glichkeit, auf Finanzm\u00e4rkten zu spekulieren, ohne das Handelsobjekt selbst kaufen oder verkaufen zu m\u00fcssen. Erfahren Sie alles, was Sie \u00fcber den Handel mit Vanilla Options wissen m\u00fcssen \u2013 von den typischen Eigenschaften und der Funktionsweise bis zur Er\u00f6ffnung eines\u00a0<a href=\"https:\/\/www.ig.com\/de\/barriers-und-vanillas\">Optionskontos<\/a>. Finden Sie auch Beispiele zum Optionshandel.<br><br><br>https:\/\/www.ig.com\/de\/barriers-und-vanillas\/was-sind-vanilla-options<br><br><br><br><\/p>\n\n\n\n<h2>Was sind Standard Optionen?<\/h2>\n\n\n\n<p>Standard-Optionen sind Kontrakte, die dem&nbsp;<a href=\"https:\/\/www.avatrade.de\/\">Trader<\/a>&nbsp;das Recht geben, eine bestimmte Menge eines Gutes (Basiswert) zu einem vorher definierten Zeitpunkt zu kaufen oder zu verkaufen. Wer Standard-Optionen (auch Plain Vanilla Option) handelt, hat nicht nur die M\u00f6glichkeit, den Basiswert und dessen Menge zu bestimmen, sondern auch, wann und zu welchem Preis er aus\u00fcben kann. Optionen k\u00f6nnen f\u00fcr einen Tag, eine Woche, wenige Monate oder sogar ein Jahr gehandelt werden.<\/p>\n\n\n\n<p><strong>Investieren Sie jetzt bei einem der gr\u00f6\u00dften&nbsp;<a href=\"https:\/\/www.avatrade.de\/about-avatrade\/why-avatrade\">Broker<\/a>&nbsp;der Welt.<\/strong><a href=\"https:\/\/www.avatrade.de\/trading-account?p=AvaOptions\">Jetzt anmelden<\/a><a href=\"https:\/\/www.avatrade.de\/demo-account?p=AvaOptions\">Oder ein Demokonto testen<\/a><\/p>\n\n\n\n<p>Der Optionshandel ist f\u00fcr viele Menschen ein Buch mit sieben Siegeln. Viele w\u00fcrden den Kassahandel&nbsp;<a href=\"https:\/\/www.avatrade.de\/trading-platforms\/ava-options-trading\">Optionen<\/a>&nbsp;vorziehen, doch wenn sich ein Trader einmal f\u00fcr Optionen begeistert, h\u00e4ngt er am Haken. Die Vielfalt der M\u00f6glichkeiten sowie die F\u00e4higkeit, alle Aspekte des Trades kontrollieren und dabei Chancen und Risiken angemessen abw\u00e4gen zu k\u00f6nnen, lockt viele Trader in die Welt, in der alle T\u00fcren offen stehen.<\/p>\n\n\n\n<h3>Terminologie<\/h3>\n\n\n\n<p>In der Welt des Optionshandels existieren einige Fachbegriffe, die man kennen muss, bevor man mit dem Handel beginnt. Es gibt zwei Arten von Optionen:<\/p>\n\n\n\n<ul><li><strong>Kaufoptionen<\/strong>&nbsp;(auch Call-Optionen) geben dem K\u00e4ufer das Recht, ein Gut zu einem bestimmten Preis zu kaufen. Call-Optionen werden \u00fcblicherweise von Tradern gekauft, die glauben, dass der Markt bald steigen wird. Man bezeichnet sie auch als Bull-Trader.<\/li><li><strong>Verkaufsoptionen<\/strong>&nbsp;(auch Put-Optionen) geben dem K\u00e4ufer das Recht, ein Gut zu einem bestimmten Preis zu verkaufen. Folglich werden Put-Optionen von Tradern gekauft, die glauben, dass der Markt nach unten geht. Man nennt sie Bear-Trader.<\/li><\/ul>\n\n\n\n<p>Man kann beide Optionsarten kaufen oder verkaufen.<\/p>\n\n\n\n<p>Um eine Option zu besitzen, muss der K\u00e4ufer dem Verk\u00e4ufer einen Geldbetrag zahlen, der Pr\u00e4mie genannt wird. Wenn der Trader als K\u00e4ufer auftritt, zahlt er die Pr\u00e4mie und wenn er eine Option verkauft, dann erh\u00e4lt er die Pr\u00e4mie. Die H\u00f6he der Pr\u00e4mie orientiert sich an verschiedenen Faktoren, wobei der aktuelle Preis des Basiswertes der erste ist. Da Optionen Terminkontrakte sind, spielt au\u00dferdem die Zeit eine Rolle. Der Tag, an dem die Option ausge\u00fcbt werden kann, hei\u00dft Laufzeitende. Und der Preis, zu dem der K\u00e4ufer die Option aus\u00fcben kann, hei\u00dft Basispreis (auch Strike-Preis). F\u00fcr l\u00e4nger laufende Optionen ist eine h\u00f6here Pr\u00e4mie zu zahlen als f\u00fcr kurz laufende \u2013 \u00e4hnlich einer Versicherung.<\/p>\n\n\n\n\n\n<p><a href=\"https:\/\/www.avatrade.de\/trading-account?p=AvaOptions\">Jetzt anmelden<\/a><a href=\"https:\/\/www.avatrade.de\/demo-account?p=AvaOptions\">Oder ein Demokonto testen<\/a><\/p>\n\n\n\n<h3>Marktvolatilit\u00e4t<\/h3>\n\n\n\n<p>Ein weiterer Schl\u00fcsselfaktor bei der Bestimmung der Pr\u00e4mie ist die Volatilit\u00e4t des Basiswertes. Eine hohe Volatilit\u00e4t erh\u00f6ht den Preis der Option. Denn eine h\u00f6here Volatilit\u00e4t bedeutet, dass eine gr\u00f6\u00dfere Wahrscheinlichkeit f\u00fcr gewinnbringende Marktbewegungen besteht \u2013 m\u00f6glicherweise sogar bevor der Strike-Preis der Option erreicht wurde. Ein Trader kann sich an jedem Tag entscheiden, seine Position zu schlie\u00dfen und Gewinne aus einem Pr\u00e4mienanstieg zu realisieren \u2013 egal, ob die Pr\u00e4mie wegen einer h\u00f6heren Volatilit\u00e4t gestiegen ist oder weil der Markt die richtige Richtung eingeschlagen hat.<\/p>\n\n\n\n<table class=\"wp-block-table\"><tbody><tr><th><strong>Anstieg von:<\/strong><\/th><th><strong>Call-Option<\/strong><\/th><th><strong>Put-Option<\/strong><\/th><\/tr><tr><td>Basiswert<\/td><td>+<\/td><td>\u2013<\/td><\/tr><tr><td>Strike-Preis<\/td><td>\u2013<\/td><td>+<\/td><\/tr><tr><td>Restlaufzeit<\/td><td>+<\/td><td>+<\/td><\/tr><tr><td>Volatilit\u00e4t<\/td><td>+<\/td><td>+<\/td><\/tr><\/tbody><\/table>\n\n\n\n<h3>Die Grundlagen des Optionshandels<\/h3>\n\n\n\n<p>Beim Kauf einer Option \u2013 egal ob Put oder Call \u2013 zahlt der Trader die Pr\u00e4mie vom Guthaben seines Kontos und seine potenziellen Gewinne sind grenzenlos. Beim Verkauf einer Option erh\u00e4lt der Trader dagegen die Pr\u00e4mie auf sein Konto, jedoch sind hierbei die Verluste unbegrenzt, falls der Markt gegen die eigene Position l\u00e4uft \u2013 \u00e4hnlich einem Leerverkauf im Kassahandel. Um dieses Risiko zu beschr\u00e4nken, kann der Trader eine&nbsp;<a href=\"https:\/\/www.avatrade.de\/education\/order-types\/limit-and-stop-orders\">Stop-Loss-Order<\/a>&nbsp;auf die Option platzieren \u2013 genau wie im Kassahandel. Alternativ kann der Trader als Gegengesch\u00e4ft eine Option kaufen, die weiter \u201eaus dem Geld\u201c ist, um sein Risiko zu verringern.<\/p>\n\n\n\n<p>Beim Kauf einer Option hat man dagegen ein begrenztes Risiko, denn maximal verliert man die gezahlte Pr\u00e4mie. Falls man Optionen verkauft \u2013 eine hervorragende M\u00f6glichkeit f\u00fcr ein regelm\u00e4\u00dfiges Einkommen \u2013 handelt man wie eine Versicherungsgesellschaft, die jemandem eine Absicherung seiner Position anbietet. Daf\u00fcr kassiert man die Optionspr\u00e4mie. Falls der&nbsp;<a href=\"https:\/\/www.avatrade.de\/forex\">Forex-Markt<\/a>&nbsp;dann die vom Verk\u00e4ufer gew\u00fcnschte Richtung einschl\u00e4gt, kann er den Profit aus der Risiko\u00fcbernahme behalten. Liegt der Verk\u00e4ufer dagegen falsch, so ist es nicht viel anders als bei einem Leerverkauf im Kassahandel.<\/p>\n\n\n\n<p>In beiden F\u00e4llen ist der Trader einem unbegrenzten Verlustrisiko ausgesetzt. Daher kann er seine Position beispielsweise durch eine Stop-Loss-Order schlie\u00dfen. Doch zumindest hat er die Optionspr\u00e4mie verdient \u2013 so wie man bei einem&nbsp;<a href=\"https:\/\/www.avatrade.de\/education\/trading-for-beginners\/short-selling\">Leerverkauf&nbsp;<\/a>den Verkaufspreis der Aktie erzielt.<\/p>\n\n\n\n<h3>Etappen des Optionshandels<\/h3>\n\n\n\n<ol><li>Der erste Schritt im Optionshandel ist die Bestimmung der Marktmeinung zu einem ausgesuchten Basiswert. Falls der Trader glaubt, dass ein bestimmtes Gut im Preis steigen wird, dann hat er drei M\u00f6glichkeiten, um dies umzusetzen. Die erste ist der Kauf des Gutes auf dem Kassamarkt.<\/li><li>Die zweite ist der Kauf einer Option. Mit dieser Strategie kann er h\u00f6chstens seine gezahlte Pr\u00e4mie verlieren und er kann seine Position jederzeit schlie\u00dfen. Das ist der sicherste Weg, um eine bullische Marktmeinung auszudr\u00fccken.<\/li><li>Die dritte M\u00f6glichkeit ist der Verkauf einer Put-Option. Falls der Preis des Basiswertes bei Laufzeitende h\u00f6her ist als der Strike-Preis, dann verf\u00e4llt die Option wertlos \u2013 und der Trader beh\u00e4lt die vereinnahmte Pr\u00e4mie komplett.<\/li><\/ol>\n\n\n\n<h3>Beispiel-Trades<\/h3>\n\n\n\n<p><strong>Szenario:&nbsp;<\/strong>Der aktuelle&nbsp;<a href=\"https:\/\/www.avatrade.de\/forex\/what-is-forex\">Forex&nbsp;<\/a>Kurs des&nbsp;<a href=\"https:\/\/www.avatrade.de\/trading-info\/financial-instruments-index\/forex\/eur-usd\">EUR\/USD<\/a>-Paares betr\u00e4gt 1,1000. Der Trader spekuliert darauf, dass der Preis innerhalb einer Woche steigen wird.<\/p>\n\n\n\n<p><strong>Kassahandel:<\/strong>&nbsp;Im ersten Szenario er\u00f6ffnet er eine Position \u00fcber 10.000 Einheiten auf irgendeiner Plattform zu den gegebenen Spreads. Falls der EUR\/USD im Preis steigt, dann macht der Trader unmittelbar einen Gewinn.<\/p>\n\n\n\n<p><strong>Kauf einer Call-Option:<\/strong>&nbsp;Nach der zweiten Strategie kauft er eine Call-Option mit einer Restlaufzeit von einer Woche und einem Strike-Preis von beispielsweise 1,1020. Wenn er die Option kauft, muss er die Pr\u00e4mie zahlen, die die Handelsplattform anzeigt, beispielsweise 0,0050 bzw. 50 Pips. Falls der EUR\/USD bei Laufzeitende \u00fcber dem Strike-Preis liegt, verdient der Trader die Differenz zwischen Strike-Preise und dem aktuellen EUR\/USD-Wechselkurs. Seine Gewinnschwelle liegt also beim Strike-Preis zuz\u00fcglich der gezahlten Pr\u00e4mie. Auch vor Laufzeitende kann der Trader von Preisbewegungen profitieren. Denn je h\u00f6her die Volatilit\u00e4t steigt, desto h\u00f6her steigt auch der Optionspreis.<\/p>\n\n\n\n<p>Falls der Kurs beispielsweise bei 1,1100 liegt, befindet sich die Option 0,0080 oder 80 Pips \u201eim Geld\u201c und sein Profit w\u00fcrde 80 Pips abz\u00fcglich der 50 Pips Pr\u00e4mie betragen. Wenn der Kurs allerdings unter dem Strike-Preis liegt, dann verliert er lediglich die Pr\u00e4mie von 50 Pips und nicht mehr.<\/p>\n\n\n\n<p><strong>Verkauf einer Put-Option<\/strong>: Im dritten Fall verkauft der Trade eine Put-Option. Das bedeutet, er tritt als Stillhalter auf und erh\u00e4lt die Pr\u00e4mie direkt auf sein Konto. Das Risiko, das er dabei eingeht, ist, dass seine Marktmeinung falsch ist. Also muss er den Strike-Preis mit Bedacht w\u00e4hlen. Er sollte sich mit seiner Meinung, dass der EUR\/USD nicht unter diese Schranke fallen wird, wohlf\u00fchlen.<\/p>\n\n\n\n<p>Anders ausgedr\u00fcckt, muss der Trader damit einverstanden sein, den EUR\/USD zum Strike-Preis zu kaufen, falls der Kurs am Laufzeitende unterhalb des Strike-Preises liegt. Denn der Optionsk\u00e4ufer hat das Recht, den EUR\/USD zum Strike-Preis zu verkaufen. Als Ausgleich f\u00fcr die \u00dcbernahme dieses Risikos, erh\u00e4lt der Verk\u00e4ufer die Optionspr\u00e4mie. Falls der Kurs dagegen \u00fcber dem Strike-Preis endet, beh\u00e4lt der Verk\u00e4ufer die Pr\u00e4mie und kann erneut eine Option verkaufen, um den Profit aus seinem ersten Trade zu vermehren.<\/p>\n\n\n\n<p>In beiden Handelbeispielen wird die Pr\u00e4mie vom Markt bestimmt und zum Zeitpunkt des Trades so auf der&nbsp;<a href=\"https:\/\/www.avatrade.de\/trading-platforms\/ava-options-trading\">AvaOptions Handel plattform&nbsp;<\/a>angezeigt. Die Gewinne und Verluste richten sich dann nach dem Preis des Basiswertes zum Laufzeitende.<\/p>\n\n\n\n<p><strong>Er\u00f6ffnen Sie ein Web-Handel-Konto! Kein Download erforderlich.<\/strong><a href=\"https:\/\/www.avatrade.de\/trading-account?p=AvaOptions\">Jetzt anmelden<\/a><a href=\"https:\/\/www.avatrade.de\/demo-account?p=AvaOptions\">Oder ein Demokonto testen<\/a><\/p>\n\n\n\n<h3>Risikomangement<\/h3>\n\n\n\n<p>Letzten Endes werden Optionen tats\u00e4chlich als sicheres Investment angesehen. F\u00fcr einen Optionsk\u00e4ufer sind sie weit weniger risikoreich als der Handel des Basiswertes. Auch f\u00fcr einen Verk\u00e4ufer sind die Abw\u00e4rtsrisiken geringer als beim Handel mit dem Basiswert falsch zu liegen. Denn er w\u00e4hlt den Strike-Preis entsprechend seiner Risikobereitschaft und erh\u00e4lt die Pr\u00e4mie f\u00fcr die \u00dcbernahme dieses Risikos. Aber man ben\u00f6tigt Zeit, um sich umfassend mit Optionen vertraut zu machen.<\/p>\n\n\n\n<h3>Umsetzung jeder Marktmeinung<\/h3>\n\n\n\n<p>Vielleicht ist der bedeutendste Vorteil von Optionen der, dass man jede Marktmeinung ausdr\u00fccken kann, indem man Kauf- und Verkaufspositionen in Call- und Put-Optionen sowie im Basiswert eingeht. Der Trader ist baerisch im&nbsp;<a href=\"https:\/\/www.avatrade.de\/trading-info\/financial-instruments-index\/forex\/usd-jpy\">USD\/JPY Handel<\/a>, aber nicht sicher? Dann kann er eine Put-Option mit der gew\u00fcnschten Laufzeit erwerben, sich zur\u00fccklehnen und entspannen. Egal ob der USD\/JPY morgen nach oben oder unten geht, der Trader hat bis zum Laufzeitende eine sichere Position. Falls sich herausstellt, dass er richtig lag, dann profitiert er sobald der Kurs des Basiswertes mindestens in H\u00f6he der Pr\u00e4mie unter dem Strike-Preis liegt.<\/p>\n\n\n\n<h3>Viele Strategien:<\/h3>\n\n\n\n<p>Wie jedes Instrument birgt auch der Optionshandel Risiken und kann zu Verlusten f\u00fchren. Doch es gibt einen wichtigen Unterschied zwischen dem Kassa- und dem Optionshandel. Beim Kassahandel kann der Trader nur auf die Richtung spekulieren, in die sich der Markt bewegt \u2013 geht er hoch oder runter. Bei Optionen hat er dagegen auch die M\u00f6glichkeit, Strategien umzusetzen, die sich nach vielen Faktoren richten: Kurs im Vergleich zum Strike-Preis, Zeit, Markttrends, Risikobereitschaft und mehr. Mit anderen Worten hat er mehr Kontrolle \u00fcber sein Portfolio und deshalb mehr Bewegungsspielraum.<br><br><br>https:\/\/www.avatrade.de\/forex\/what-are-vanilla-options<\/p>\n","protected":false},"excerpt":{"rendered":"<p>Was sind Vanilla Options und wie funktionieren diese? Der Handel mit Vanilla Options bietet eine M\u00f6glichkeit, auf Finanzm\u00e4rkten zu spekulieren, ohne das Handelsobjekt selbst kaufen oder verkaufen zu m\u00fcssen. Erfahren Sie alles, was Sie \u00fcber den Handel mit Vanilla Options wissen m\u00fcssen \u2013 von den typischen Eigenschaften und der Funktionsweise bis zur Er\u00f6ffnung eines\u00a0Optionskontos. Finden &hellip; <\/p>\n<p class=\"link-more\"><a href=\"http:\/\/watercoin.de\/?page_id=404\" class=\"more-link\"><span class=\"screen-reader-text\">\u201eVanilla-Optionen\u201c<\/span> weiterlesen<\/a><\/p>\n","protected":false},"author":1,"featured_media":0,"parent":0,"menu_order":0,"comment_status":"closed","ping_status":"closed","template":"","meta":[],"_links":{"self":[{"href":"http:\/\/watercoin.de\/index.php?rest_route=\/wp\/v2\/pages\/404"}],"collection":[{"href":"http:\/\/watercoin.de\/index.php?rest_route=\/wp\/v2\/pages"}],"about":[{"href":"http:\/\/watercoin.de\/index.php?rest_route=\/wp\/v2\/types\/page"}],"author":[{"embeddable":true,"href":"http:\/\/watercoin.de\/index.php?rest_route=\/wp\/v2\/users\/1"}],"replies":[{"embeddable":true,"href":"http:\/\/watercoin.de\/index.php?rest_route=%2Fwp%2Fv2%2Fcomments&post=404"}],"version-history":[{"count":3,"href":"http:\/\/watercoin.de\/index.php?rest_route=\/wp\/v2\/pages\/404\/revisions"}],"predecessor-version":[{"id":429,"href":"http:\/\/watercoin.de\/index.php?rest_route=\/wp\/v2\/pages\/404\/revisions\/429"}],"wp:attachment":[{"href":"http:\/\/watercoin.de\/index.php?rest_route=%2Fwp%2Fv2%2Fmedia&parent=404"}],"curies":[{"name":"wp","href":"https:\/\/api.w.org\/{rel}","templated":true}]}}